{"id":1347,"date":"2021-04-06T10:38:16","date_gmt":"2021-04-06T10:38:16","guid":{"rendered":"https:\/\/innocqualitas.com\/sitio\/index.php\/contact-2\/"},"modified":"2024-01-29T09:08:51","modified_gmt":"2024-01-29T14:08:51","slug":"contacto","status":"publish","type":"page","link":"https:\/\/innocqualitas.com\/sitio\/index.php\/contacto\/","title":{"rendered":"Contacto"},"content":{"rendered":"\n<div class=\"wp-block-uagb-container uagb-block-f970e79f alignfull uagb-is-root-container\"><div class=\"uagb-container-inner-blocks-wrap\">\n<div class=\"wp-block-uagb-advanced-heading uagb-block-22b38860\"><h1 class=\"uagb-heading-text\">Contacto<\/h1><\/div>\n<\/div><\/div>\n\n\n\n<div class=\"wp-block-uagb-container uagb-block-bdeb5e49 alignfull uagb-is-root-container\"><div class=\"uagb-container-inner-blocks-wrap\">\n<div class=\"wp-block-uagb-container uagb-block-dd9b35a5\">\n<div class=\"wp-block-uagb-info-box uagb-block-434201ff uagb-infobox__content-wrap  uagb-infobox-icon-left uagb-infobox-left uagb-infobox-stacked-tablet uagb-infobox-image-valign-top\"><div class=\"uagb-ifb-icon-wrap\"><div class=\"uagb-iconbox-icon-wrap uagb-infobox-shape-circle\"><svg xmlns=\"https:\/\/www.w3.org\/2000\/svg\" viewBox=\"0 0 384 512\"><path d=\"M168.3 499.2C116.1 435 0 279.4 0 192C0 85.96 85.96 0 192 0C298 0 384 85.96 384 192C384 279.4 267 435 215.7 499.2C203.4 514.5 180.6 514.5 168.3 499.2H168.3zM192 256C227.3 256 256 227.3 256 192C256 156.7 227.3 128 192 128C156.7 128 128 156.7 128 192C128 227.3 156.7 256 192 256z\"><\/path><\/svg><\/div><\/div><div class=\"uagb-ifb-content\"><div class=\"uagb-ifb-title-wrap\"><h4 class=\"uagb-ifb-title\">Oficina<\/h4><\/div><p class=\"uagb-ifb-desc\">Av. Le\u00f3n  Febres Cordero y Alfredo Adum,<br>Edificio Platinum 1, Oficina 907.<\/p><\/div><\/div>\n\n\n\n<div class=\"wp-block-uagb-info-box uagb-block-c9c0c7ce uagb-infobox__content-wrap  uagb-infobox-icon-left uagb-infobox-left uagb-infobox-stacked-tablet uagb-infobox-image-valign-top\"><div class=\"uagb-ifb-icon-wrap\"><div class=\"uagb-iconbox-icon-wrap uagb-infobox-shape-circle\"><svg xmlns=\"https:\/\/www.w3.org\/2000\/svg\" viewBox=\"0 0 512 512\"><path d=\"M18.92 351.2l108.5-46.52c12.78-5.531 27.77-1.801 36.45 8.98l44.09 53.82c69.25-34 125.5-90.31 159.5-159.5l-53.81-44.04c-10.75-8.781-14.41-23.69-8.974-36.47l46.51-108.5c6.094-13.91 21.1-21.52 35.79-18.11l100.8 23.25c14.25 3.25 24.22 15.8 24.22 30.46c0 252.3-205.2 457.5-457.5 457.5c-14.67 0-27.18-9.968-30.45-24.22l-23.25-100.8C-2.571 372.4 5.018 357.2 18.92 351.2z\"><\/path><\/svg><\/div><\/div><div class=\"uagb-ifb-content\"><div class=\"uagb-ifb-title-wrap\"><h4 class=\"uagb-ifb-title\">Tel\u00e9fonos<\/h4><\/div><p class=\"uagb-ifb-desc\">+593 97 931 3061<\/p><\/div><\/div>\n\n\n\n<div class=\"wp-block-uagb-info-box uagb-block-db4242ad uagb-infobox__content-wrap  uagb-infobox-icon-left uagb-infobox-left uagb-infobox-stacked-tablet uagb-infobox-image-valign-top\"><div class=\"uagb-ifb-icon-wrap\"><div class=\"uagb-iconbox-icon-wrap uagb-infobox-shape-circle\"><svg xmlns=\"https:\/\/www.w3.org\/2000\/svg\" viewBox=\"0 0 512 512\"><path d=\"M464 64C490.5 64 512 85.49 512 112C512 127.1 504.9 141.3 492.8 150.4L275.2 313.6C263.8 322.1 248.2 322.1 236.8 313.6L19.2 150.4C7.113 141.3 0 127.1 0 112C0 85.49 21.49 64 48 64H464zM217.6 339.2C240.4 356.3 271.6 356.3 294.4 339.2L512 176V384C512 419.3 483.3 448 448 448H64C28.65 448 0 419.3 0 384V176L217.6 339.2z\"><\/path><\/svg><\/div><\/div><div class=\"uagb-ifb-content\"><div class=\"uagb-ifb-title-wrap\"><h4 class=\"uagb-ifb-title\">Email<\/h4><\/div><p class=\"uagb-ifb-desc\">crismely@arcetycecuador.com<\/p><\/div><\/div>\n<\/div>\n\n\n\n<div class=\"wp-block-uagb-container uagb-block-7e4af735\">\t\t\t<div \n\t\t\tclass=\"wp-block-uagb-google-map uagb-google-map__wrap uagb-block-bbddd7de     \"\n\t\t\tstyle=\"\" >\n\t\t\t\t<embed\n\t\t\t\t\tclass=\"uagb-google-map__iframe\"\n\t\t\t\t\ttitle=\"Google Map for \"\n\t\t\t\t\tsrc=\"https:\/\/maps.google.com\/maps?q=Platinium%201&#038;z=17&#038;hl=en&#038;t=m&#038;output=embed&#038;iwloc=near\"\n\t\t\t\t\twidth=\"640\"\n\t\t\t\t\theight=\"650\"\n\t\t\t\t\tloading=\"lazy\"\n\t\t\t\t><\/embed>\n\t\t\t<\/div>\n\t\t\t<\/div>\n<\/div><\/div>\n\n\n\n<div class=\"wp-block-uagb-container uagb-block-f82c11be alignfull uagb-is-root-container\"><div class=\"uagb-container-inner-blocks-wrap\">\n<div class=\"wp-block-uagb-container uagb-block-f4088df9\">\n<div class=\"wp-block-uagb-container uagb-block-87b77689\">\n<div class=\"wp-block-uagb-advanced-heading uagb-block-9de61423\"><h5 class=\"uagb-heading-text\">\u00bfListo para trabajar con nosotros?<\/h5><\/div>\n\n\n\n<div class=\"wp-block-uagb-advanced-heading uagb-block-835e1fba\"><h2 class=\"uagb-heading-text\">Si est\u00e1 listo para avanzar hacia un panorama m\u00e1s amplio de \u00e9xito, hablemos.<\/h2><\/div>\n<\/div>\n<\/div>\n\n\n\n<div class=\"wp-block-uagb-container uagb-block-1980da03\"><div class=\"wpforms-container wpforms-block wpforms-block-95b35f91-fcc0-4d51-b43e-92eb1870ef8e wpforms-render-modern\" id=\"wpforms-1647\"><form id=\"wpforms-form-1647\" class=\"wpforms-validate wpforms-form wpforms-ajax-form\" data-formid=\"1647\" method=\"post\" enctype=\"multipart\/form-data\" action=\"\/sitio\/index.php\/wp-json\/wp\/v2\/pages\/1347\" data-token=\"3633ebfbe9532318334b074b59d2858a\" data-token-time=\"1777810165\"><noscript class=\"wpforms-error-noscript\">Por favor, activa JavaScript en tu navegador para completar este formulario.<\/noscript><div id=\"wpforms-error-noscript\" style=\"display: none;\">Por favor, activa JavaScript en tu navegador para completar este formulario.<\/div><div class=\"wpforms-field-container\"><div id=\"wpforms-1647-field_0-container\" class=\"wpforms-field wpforms-field-name\" data-field-id=\"0\"><fieldset><legend class=\"wpforms-field-label\">Nombre <span class=\"wpforms-required-label\" aria-hidden=\"true\">*<\/span><\/legend><div class=\"wpforms-field-row wpforms-field-medium\"><div class=\"wpforms-field-row-block wpforms-first wpforms-one-half\"><input type=\"text\" id=\"wpforms-1647-field_0\" class=\"wpforms-field-name-first wpforms-field-required\" name=\"wpforms[fields][0][first]\" aria-errormessage=\"wpforms-1647-field_0-error\" required><label for=\"wpforms-1647-field_0\" class=\"wpforms-field-sublabel after\">Nombre<\/label><\/div><div class=\"wpforms-field-row-block wpforms-one-half\"><input type=\"text\" id=\"wpforms-1647-field_0-last\" class=\"wpforms-field-name-last wpforms-field-required\" name=\"wpforms[fields][0][last]\" aria-errormessage=\"wpforms-1647-field_0-last-error\" required><label for=\"wpforms-1647-field_0-last\" class=\"wpforms-field-sublabel after\">Apellidos<\/label><\/div><\/div><\/fieldset><\/div><div id=\"wpforms-1647-field_5-container\" class=\"wpforms-field wpforms-field-payment-checkbox wpforms-list-inline\" data-field-id=\"5\"><fieldset><legend class=\"wpforms-field-label\">\u00a1\u00bfEn que podemos ayudarte?! <span class=\"wpforms-required-label\" aria-hidden=\"true\">*<\/span><\/legend><ul id=\"wpforms-1647-field_5\" class=\"wpforms-field-required wpforms-icon-choices wpforms-icon-choices-default wpforms-icon-choices-large\" style=\"--wpforms-icon-choices-color: #066aab;\"><li class=\"choice-1 wpforms-icon-choices-item\"><label class=\"wpforms-field-label-inline\" for=\"wpforms-1647-field_5_1\">\n\t\t\t\t<span class=\"wpforms-icon-choices-icon\">\n\t\t\t\t\t<svg xmlns=\"http:\/\/www.w3.org\/2000\/svg\" width=\"80\" height=\"64\" viewBox=\"0 0 512 512\"><!--! Font Awesome Free 6.4.0 by @fontawesome - https:\/\/fontawesome.com License - https:\/\/fontawesome.com\/license\/free (Icons: CC BY 4.0, Fonts: SIL OFL 1.1, Code: MIT License) Copyright 2023 Fonticons, Inc. --><path d=\"M211 7.3C205 1 196-1.4 187.6 .8s-14.9 8.9-17.1 17.3L154.7 80.6l-62-17.5c-8.4-2.4-17.4 0-23.5 6.1s-8.5 15.1-6.1 23.5l17.5 62L18.1 170.6c-8.4 2.1-15 8.7-17.3 17.1S1 205 7.3 211l46.2 45L7.3 301C1 307-1.4 316 .8 324.4s8.9 14.9 17.3 17.1l62.5 15.8-17.5 62c-2.4 8.4 0 17.4 6.1 23.5s15.1 8.5 23.5 6.1l62-17.5 15.8 62.5c2.1 8.4 8.7 15 17.1 17.3s17.3-.2 23.4-6.4l45-46.2 45 46.2c6.1 6.2 15 8.7 23.4 6.4s14.9-8.9 17.1-17.3l15.8-62.5 62 17.5c8.4 2.4 17.4 0 23.5-6.1s8.5-15.1 6.1-23.5l-17.5-62 62.5-15.8c8.4-2.1 15-8.7 17.3-17.1s-.2-17.3-6.4-23.4l-46.2-45 46.2-45c6.2-6.1 8.7-15 6.4-23.4s-8.9-14.9-17.3-17.1l-62.5-15.8 17.5-62c2.4-8.4 0-17.4-6.1-23.5s-15.1-8.5-23.5-6.1l-62 17.5L341.4 18.1c-2.1-8.4-8.7-15-17.1-17.3S307 1 301 7.3L256 53.5 211 7.3z\"\/><\/svg>\n\t\t\t\t\t<span class=\"wpforms-icon-choices-icon-bg\"><\/span>\n\t\t\t\t<\/span>\n\t\t\t\t<input type=\"checkbox\" id=\"wpforms-1647-field_5_1\" class=\"wpforms-payment-price wpforms-screen-reader-element\" data-amount=\"0.00\" name=\"wpforms[fields][5][]\" value=\"1\" aria-errormessage=\"wpforms-1647-field_5_1-error\" required >\n\t\t\t\t<span class=\"wpforms-icon-choices-label\">Certificaci\u00f3n<\/span>\n\t\t\t<\/label><\/li><li class=\"choice-2 wpforms-icon-choices-item\"><label class=\"wpforms-field-label-inline\" for=\"wpforms-1647-field_5_2\">\n\t\t\t\t<span class=\"wpforms-icon-choices-icon\">\n\t\t\t\t\t<svg xmlns=\"http:\/\/www.w3.org\/2000\/svg\" width=\"80\" height=\"64\" viewBox=\"0 0 640 512\"><!--! Font Awesome Free 6.4.0 by @fontawesome - https:\/\/fontawesome.com License - https:\/\/fontawesome.com\/license\/free (Icons: CC BY 4.0, Fonts: SIL OFL 1.1, Code: MIT License) Copyright 2023 Fonticons, Inc. --><path d=\"M337.8 5.4C327-1.8 313-1.8 302.2 5.4L166.3 96H48C21.5 96 0 117.5 0 144V464c0 26.5 21.5 48 48 48H320v0H256V416c0-35.3 28.7-64 64-64l.3 0h.5c3.4-37.7 18.7-72.1 42.2-99.1C350.2 260 335.6 264 320 264c-48.6 0-88-39.4-88-88s39.4-88 88-88s88 39.4 88 88c0 18.3-5.6 35.3-15.1 49.4c29-21 64.6-33.4 103.1-33.4c59.5 0 112.1 29.6 144 74.8V144c0-26.5-21.5-48-48-48H473.7L337.8 5.4zM96 192h32c8.8 0 16 7.2 16 16v64c0 8.8-7.2 16-16 16H96c-8.8 0-16-7.2-16-16V208c0-8.8 7.2-16 16-16zm0 128h32c8.8 0 16 7.2 16 16v64c0 8.8-7.2 16-16 16H96c-8.8 0-16-7.2-16-16V336c0-8.8 7.2-16 16-16zM320 128c-8.8 0-16 7.2-16 16v32c0 8.8 7.2 16 16 16h32c8.8 0 16-7.2 16-16s-7.2-16-16-16H336V144c0-8.8-7.2-16-16-16zM640 368a144 144 0 1 0 -288 0 144 144 0 1 0 288 0zm-99.3-43.3c6.2-6.2 16.4-6.2 22.6 0s6.2 16.4 0 22.6l-72 72c-6.2 6.2-16.4 6.2-22.6 0l-40-40c-6.2-6.2-6.2-16.4 0-22.6s16.4-6.2 22.6 0L480 385.4l60.7-60.7z\"\/><\/svg>\n\t\t\t\t\t<span class=\"wpforms-icon-choices-icon-bg\"><\/span>\n\t\t\t\t<\/span>\n\t\t\t\t<input type=\"checkbox\" id=\"wpforms-1647-field_5_2\" class=\"wpforms-payment-price wpforms-screen-reader-element\" data-amount=\"0.00\" name=\"wpforms[fields][5][]\" value=\"2\" aria-errormessage=\"wpforms-1647-field_5_2-error\" required >\n\t\t\t\t<span class=\"wpforms-icon-choices-label\">Capacitaci\u00f3n<\/span>\n\t\t\t<\/label><\/li><li class=\"choice-3 wpforms-icon-choices-item\"><label class=\"wpforms-field-label-inline\" for=\"wpforms-1647-field_5_3\">\n\t\t\t\t<span class=\"wpforms-icon-choices-icon\">\n\t\t\t\t\t<svg xmlns=\"http:\/\/www.w3.org\/2000\/svg\" width=\"80\" height=\"64\" viewBox=\"0 0 640 512\"><!--! Font Awesome Free 6.4.0 by @fontawesome - https:\/\/fontawesome.com License - https:\/\/fontawesome.com\/license\/free (Icons: CC BY 4.0, Fonts: SIL OFL 1.1, Code: MIT License) Copyright 2023 Fonticons, Inc. --><path d=\"M272.2 64.6l-51.1 51.1c-15.3 4.2-29.5 11.9-41.5 22.5L153 161.9C142.8 171 129.5 176 115.8 176H96V304c20.4 .6 39.8 8.9 54.3 23.4l35.6 35.6 7 7 0 0L219.9 397c6.2 6.2 16.4 6.2 22.6 0c1.7-1.7 3-3.7 3.7-5.8c2.8-7.7 9.3-13.5 17.3-15.3s16.4 .6 22.2 6.5L296.5 393c11.6 11.6 30.4 11.6 41.9 0c5.4-5.4 8.3-12.3 8.6-19.4c.4-8.8 5.6-16.6 13.6-20.4s17.3-3 24.4 2.1c9.4 6.7 22.5 5.8 30.9-2.6c9.4-9.4 9.4-24.6 0-33.9L340.1 243l-35.8 33c-27.3 25.2-69.2 25.6-97 .9c-31.7-28.2-32.4-77.4-1.6-106.5l70.1-66.2C303.2 78.4 339.4 64 377.1 64c36.1 0 71 13.3 97.9 37.2L505.1 128H544h40 40c8.8 0 16 7.2 16 16V352c0 17.7-14.3 32-32 32H576c-11.8 0-22.2-6.4-27.7-16H463.4c-3.4 6.7-7.9 13.1-13.5 18.7c-17.1 17.1-40.8 23.8-63 20.1c-3.6 7.3-8.5 14.1-14.6 20.2c-27.3 27.3-70 30-100.4 8.1c-25.1 20.8-62.5 19.5-86-4.1L159 404l-7-7-35.6-35.6c-5.5-5.5-12.7-8.7-20.4-9.3C96 369.7 81.6 384 64 384H32c-17.7 0-32-14.3-32-32V144c0-8.8 7.2-16 16-16H56 96h19.8c2 0 3.9-.7 5.3-2l26.5-23.6C175.5 77.7 211.4 64 248.7 64H259c4.4 0 8.9 .2 13.2 .6zM544 320V176H496c-5.9 0-11.6-2.2-15.9-6.1l-36.9-32.8c-18.2-16.2-41.7-25.1-66.1-25.1c-25.4 0-49.8 9.7-68.3 27.1l-70.1 66.2c-10.3 9.8-10.1 26.3 .5 35.7c9.3 8.3 23.4 8.1 32.5-.3l71.9-66.4c9.7-9 24.9-8.4 33.9 1.4s8.4 24.9-1.4 33.9l-.8 .8 74.4 74.4c10 10 16.5 22.3 19.4 35.1H544zM64 336a16 16 0 1 0 -32 0 16 16 0 1 0 32 0zm528 16a16 16 0 1 0 0-32 16 16 0 1 0 0 32z\"\/><\/svg>\n\t\t\t\t\t<span class=\"wpforms-icon-choices-icon-bg\"><\/span>\n\t\t\t\t<\/span>\n\t\t\t\t<input type=\"checkbox\" id=\"wpforms-1647-field_5_3\" class=\"wpforms-payment-price wpforms-screen-reader-element\" data-amount=\"0.00\" name=\"wpforms[fields][5][]\" value=\"3\" aria-errormessage=\"wpforms-1647-field_5_3-error\" required >\n\t\t\t\t<span class=\"wpforms-icon-choices-label\">Asesor\u00eda<\/span>\n\t\t\t<\/label><\/li><\/ul><\/fieldset><\/div><div id=\"wpforms-1647-field_1-container\" class=\"wpforms-field wpforms-field-email\" data-field-id=\"1\"><label class=\"wpforms-field-label\" for=\"wpforms-1647-field_1\">Correo electr\u00f3nico <span class=\"wpforms-required-label\" aria-hidden=\"true\">*<\/span><\/label><input type=\"email\" id=\"wpforms-1647-field_1\" class=\"wpforms-field-medium wpforms-field-required\" name=\"wpforms[fields][1]\" spellcheck=\"false\" aria-errormessage=\"wpforms-1647-field_1-error\" required><\/div><div id=\"wpforms-1647-field_2-container\" class=\"wpforms-field wpforms-field-textarea\" data-field-id=\"2\"><label class=\"wpforms-field-label\" for=\"wpforms-1647-field_2\">Comentario o mensaje<\/label><textarea id=\"wpforms-1647-field_2\" class=\"wpforms-field-medium\" name=\"wpforms[fields][2]\" aria-errormessage=\"wpforms-1647-field_2-error\" ><\/textarea><\/div><\/div><!-- .wpforms-field-container --><div class=\"wpforms-submit-container\" ><input type=\"hidden\" name=\"wpforms[id]\" value=\"1647\"><input type=\"hidden\" name=\"page_title\" value=\"\"><input type=\"hidden\" name=\"page_url\" value=\"https:\/\/innocqualitas.com\/sitio\/index.php\/wp-json\/wp\/v2\/pages\/1347\"><input type=\"hidden\" name=\"url_referer\" value=\"\"><button type=\"submit\" name=\"wpforms[submit]\" id=\"wpforms-submit-1647\" class=\"wpforms-submit\" data-alt-text=\"Enviando...\" data-submit-text=\"Enviar\" aria-live=\"assertive\" value=\"wpforms-submit\">Enviar<\/button><img decoding=\"async\" src=\"https:\/\/innocqualitas.com\/sitio\/wp-content\/plugins\/wpforms-lite\/assets\/images\/submit-spin.svg\" class=\"wpforms-submit-spinner\" style=\"display: none;\" width=\"26\" height=\"26\" alt=\"Cargando\"><\/div><\/form><\/div>  <!-- .wpforms-container --><\/div>\n<\/div><\/div>\n","protected":false},"excerpt":{"rendered":"<p>Contacto \u00bfListo para trabajar con nosotros? Si est\u00e1 listo para avanzar hacia un panorama m\u00e1s amplio de \u00e9xito, hablemos.<\/p>\n","protected":false},"author":1,"featured_media":0,"parent":0,"menu_order":0,"comment_status":"closed","ping_status":"closed","template":"","meta":{"pagelayer_contact_templates":[],"_pagelayer_content":"","_uag_custom_page_level_css":"","site-sidebar-layout":"no-sidebar","site-content-layout":"page-builder","ast-site-content-layout":"full-width-container","site-content-style":"unboxed","site-sidebar-style":"unboxed","ast-global-header-display":"","ast-banner-title-visibility":"","ast-main-header-display":"","ast-hfb-above-header-display":"","ast-hfb-below-header-display":"","ast-hfb-mobile-header-display":"","site-post-title":"disabled","ast-breadcrumbs-content":"disabled","ast-featured-img":"disabled","footer-sml-layout":"","theme-transparent-header-meta":"disabled","adv-header-id-meta":"","stick-header-meta":"","header-above-stick-meta":"","header-main-stick-meta":"","header-below-stick-meta":"","astra-migrate-meta-layouts":"set","ast-page-background-enabled":"default","ast-page-background-meta":{"desktop":{"background-color":"","background-image":"","background-repeat":"repeat","background-position":"center center","background-size":"auto","background-attachment":"scroll","background-type":"","background-media":"","overlay-type":"","overlay-color":"","overlay-opacity":"","overlay-gradient":""},"tablet":{"background-color":"","background-image":"","background-repeat":"repeat","background-position":"center center","background-size":"auto","background-attachment":"scroll","background-type":"","background-media":"","overlay-type":"","overlay-color":"","overlay-opacity":"","overlay-gradient":""},"mobile":{"background-color":"","background-image":"","background-repeat":"repeat","background-position":"center center","background-size":"auto","background-attachment":"scroll","background-type":"","background-media":"","overlay-type":"","overlay-color":"","overlay-opacity":"","overlay-gradient":""}},"ast-content-background-meta":{"desktop":{"background-color":"var(--ast-global-color-5)","background-image":"","background-repeat":"repeat","background-position":"center center","background-size":"auto","background-attachment":"scroll","background-type":"","background-media":"","overlay-type":"","overlay-color":"","overlay-opacity":"","overlay-gradient":""},"tablet":{"background-color":"var(--ast-global-color-5)","background-image":"","background-repeat":"repeat","background-position":"center center","background-size":"auto","background-attachment":"scroll","background-type":"","background-media":"","overlay-type":"","overlay-color":"","overlay-opacity":"","overlay-gradient":""},"mobile":{"background-color":"var(--ast-global-color-5)","background-image":"","background-repeat":"repeat","background-position":"center center","background-size":"auto","background-attachment":"scroll","background-type":"","background-media":"","overlay-type":"","overlay-color":"","overlay-opacity":"","overlay-gradient":""}},"footnotes":""},"class_list":["post-1347","page","type-page","status-publish","hentry"],"yoast_head":"<!-- This site is optimized with the Yoast SEO plugin v27.5 - https:\/\/yoast.com\/product\/yoast-seo-wordpress\/ -->\n<title>Contacto - ARCE - Training &amp; Consulting<\/title>\n<meta name=\"robots\" content=\"index, follow, max-snippet:-1, max-image-preview:large, max-video-preview:-1\" \/>\n<link rel=\"canonical\" href=\"https:\/\/innocqualitas.com\/sitio\/index.php\/contacto\/\" \/>\n<meta property=\"og:locale\" content=\"es_ES\" \/>\n<meta property=\"og:type\" content=\"article\" \/>\n<meta property=\"og:title\" content=\"Contacto - ARCE - Training &amp; Consulting\" \/>\n<meta property=\"og:description\" content=\"Contacto \u00bfListo para trabajar con nosotros? Si est\u00e1 listo para avanzar hacia un panorama m\u00e1s amplio de \u00e9xito, hablemos.\" \/>\n<meta property=\"og:url\" content=\"https:\/\/innocqualitas.com\/sitio\/index.php\/contacto\/\" \/>\n<meta property=\"og:site_name\" content=\"ARCE - Training &amp; Consulting\" \/>\n<meta property=\"article:publisher\" content=\"https:\/\/www.facebook.com\/innocqualitas\/?locale=es_LA\" \/>\n<meta property=\"article:modified_time\" content=\"2024-01-29T14:08:51+00:00\" \/>\n<meta name=\"twitter:card\" content=\"summary_large_image\" \/>\n<meta name=\"twitter:label1\" content=\"Tiempo de lectura\" \/>\n\t<meta name=\"twitter:data1\" content=\"1 minuto\" \/>\n<script type=\"application\/ld+json\" class=\"yoast-schema-graph\">{\"@context\":\"https:\\\/\\\/schema.org\",\"@graph\":[{\"@type\":\"WebPage\",\"@id\":\"https:\\\/\\\/innocqualitas.com\\\/sitio\\\/index.php\\\/contacto\\\/\",\"url\":\"https:\\\/\\\/innocqualitas.com\\\/sitio\\\/index.php\\\/contacto\\\/\",\"name\":\"Contacto - ARCE - Training &amp; Consulting\",\"isPartOf\":{\"@id\":\"https:\\\/\\\/innocqualitas.com\\\/sitio\\\/#website\"},\"datePublished\":\"2021-04-06T10:38:16+00:00\",\"dateModified\":\"2024-01-29T14:08:51+00:00\",\"breadcrumb\":{\"@id\":\"https:\\\/\\\/innocqualitas.com\\\/sitio\\\/index.php\\\/contacto\\\/#breadcrumb\"},\"inLanguage\":\"es\",\"potentialAction\":[{\"@type\":\"ReadAction\",\"target\":[\"https:\\\/\\\/innocqualitas.com\\\/sitio\\\/index.php\\\/contacto\\\/\"]}]},{\"@type\":\"BreadcrumbList\",\"@id\":\"https:\\\/\\\/innocqualitas.com\\\/sitio\\\/index.php\\\/contacto\\\/#breadcrumb\",\"itemListElement\":[{\"@type\":\"ListItem\",\"position\":1,\"name\":\"Portada\",\"item\":\"https:\\\/\\\/innocqualitas.com\\\/sitio\\\/\"},{\"@type\":\"ListItem\",\"position\":2,\"name\":\"Contacto\"}]},{\"@type\":\"WebSite\",\"@id\":\"https:\\\/\\\/innocqualitas.com\\\/sitio\\\/#website\",\"url\":\"https:\\\/\\\/innocqualitas.com\\\/sitio\\\/\",\"name\":\"ARCE - Training & Consulting\",\"description\":\"CALIDAD, INOCUIDAD Y EFECTIVIDAD\",\"publisher\":{\"@id\":\"https:\\\/\\\/innocqualitas.com\\\/sitio\\\/#organization\"},\"potentialAction\":[{\"@type\":\"SearchAction\",\"target\":{\"@type\":\"EntryPoint\",\"urlTemplate\":\"https:\\\/\\\/innocqualitas.com\\\/sitio\\\/?s={search_term_string}\"},\"query-input\":{\"@type\":\"PropertyValueSpecification\",\"valueRequired\":true,\"valueName\":\"search_term_string\"}}],\"inLanguage\":\"es\"},{\"@type\":\"Organization\",\"@id\":\"https:\\\/\\\/innocqualitas.com\\\/sitio\\\/#organization\",\"name\":\"ARCE - Training & Consulting\",\"url\":\"https:\\\/\\\/innocqualitas.com\\\/sitio\\\/\",\"logo\":{\"@type\":\"ImageObject\",\"inLanguage\":\"es\",\"@id\":\"https:\\\/\\\/innocqualitas.com\\\/sitio\\\/#\\\/schema\\\/logo\\\/image\\\/\",\"url\":\"https:\\\/\\\/i0.wp.com\\\/innocqualitas.com\\\/sitio\\\/wp-content\\\/uploads\\\/2024\\\/01\\\/Logo_Arce_Solo.png?fit=1080%2C1080&ssl=1\",\"contentUrl\":\"https:\\\/\\\/i0.wp.com\\\/innocqualitas.com\\\/sitio\\\/wp-content\\\/uploads\\\/2024\\\/01\\\/Logo_Arce_Solo.png?fit=1080%2C1080&ssl=1\",\"width\":1080,\"height\":1080,\"caption\":\"ARCE - Training & Consulting\"},\"image\":{\"@id\":\"https:\\\/\\\/innocqualitas.com\\\/sitio\\\/#\\\/schema\\\/logo\\\/image\\\/\"},\"sameAs\":[\"https:\\\/\\\/www.facebook.com\\\/innocqualitas\\\/?locale=es_LA\",\"https:\\\/\\\/www.instagram.com\\\/innocqualitas\\\/\",\"https:\\\/\\\/ec.linkedin.com\\\/company\\\/innocqualitas\"]}]}<\/script>\n<!-- \/ Yoast SEO plugin. -->","yoast_head_json":{"title":"Contacto - ARCE - Training &amp; Consulting","robots":{"index":"index","follow":"follow","max-snippet":"max-snippet:-1","max-image-preview":"max-image-preview:large","max-video-preview":"max-video-preview:-1"},"canonical":"https:\/\/innocqualitas.com\/sitio\/index.php\/contacto\/","og_locale":"es_ES","og_type":"article","og_title":"Contacto - ARCE - Training &amp; Consulting","og_description":"Contacto \u00bfListo para trabajar con nosotros? Si est\u00e1 listo para avanzar hacia un panorama m\u00e1s amplio de \u00e9xito, hablemos.","og_url":"https:\/\/innocqualitas.com\/sitio\/index.php\/contacto\/","og_site_name":"ARCE - Training &amp; Consulting","article_publisher":"https:\/\/www.facebook.com\/innocqualitas\/?locale=es_LA","article_modified_time":"2024-01-29T14:08:51+00:00","twitter_card":"summary_large_image","twitter_misc":{"Tiempo de lectura":"1 minuto"},"schema":{"@context":"https:\/\/schema.org","@graph":[{"@type":"WebPage","@id":"https:\/\/innocqualitas.com\/sitio\/index.php\/contacto\/","url":"https:\/\/innocqualitas.com\/sitio\/index.php\/contacto\/","name":"Contacto - ARCE - Training &amp; Consulting","isPartOf":{"@id":"https:\/\/innocqualitas.com\/sitio\/#website"},"datePublished":"2021-04-06T10:38:16+00:00","dateModified":"2024-01-29T14:08:51+00:00","breadcrumb":{"@id":"https:\/\/innocqualitas.com\/sitio\/index.php\/contacto\/#breadcrumb"},"inLanguage":"es","potentialAction":[{"@type":"ReadAction","target":["https:\/\/innocqualitas.com\/sitio\/index.php\/contacto\/"]}]},{"@type":"BreadcrumbList","@id":"https:\/\/innocqualitas.com\/sitio\/index.php\/contacto\/#breadcrumb","itemListElement":[{"@type":"ListItem","position":1,"name":"Portada","item":"https:\/\/innocqualitas.com\/sitio\/"},{"@type":"ListItem","position":2,"name":"Contacto"}]},{"@type":"WebSite","@id":"https:\/\/innocqualitas.com\/sitio\/#website","url":"https:\/\/innocqualitas.com\/sitio\/","name":"ARCE - Training & Consulting","description":"CALIDAD, INOCUIDAD Y EFECTIVIDAD","publisher":{"@id":"https:\/\/innocqualitas.com\/sitio\/#organization"},"potentialAction":[{"@type":"SearchAction","target":{"@type":"EntryPoint","urlTemplate":"https:\/\/innocqualitas.com\/sitio\/?s={search_term_string}"},"query-input":{"@type":"PropertyValueSpecification","valueRequired":true,"valueName":"search_term_string"}}],"inLanguage":"es"},{"@type":"Organization","@id":"https:\/\/innocqualitas.com\/sitio\/#organization","name":"ARCE - Training & Consulting","url":"https:\/\/innocqualitas.com\/sitio\/","logo":{"@type":"ImageObject","inLanguage":"es","@id":"https:\/\/innocqualitas.com\/sitio\/#\/schema\/logo\/image\/","url":"https:\/\/i0.wp.com\/innocqualitas.com\/sitio\/wp-content\/uploads\/2024\/01\/Logo_Arce_Solo.png?fit=1080%2C1080&ssl=1","contentUrl":"https:\/\/i0.wp.com\/innocqualitas.com\/sitio\/wp-content\/uploads\/2024\/01\/Logo_Arce_Solo.png?fit=1080%2C1080&ssl=1","width":1080,"height":1080,"caption":"ARCE - Training & Consulting"},"image":{"@id":"https:\/\/innocqualitas.com\/sitio\/#\/schema\/logo\/image\/"},"sameAs":["https:\/\/www.facebook.com\/innocqualitas\/?locale=es_LA","https:\/\/www.instagram.com\/innocqualitas\/","https:\/\/ec.linkedin.com\/company\/innocqualitas"]}]}},"uagb_featured_image_src":{"full":false,"thumbnail":false,"medium":false,"medium_large":false,"large":false,"1536x1536":false,"2048x2048":false},"uagb_author_info":{"display_name":"innoc_user","author_link":"https:\/\/innocqualitas.com\/sitio\/index.php\/author\/innoc_user\/"},"uagb_comment_info":0,"uagb_excerpt":"Contacto \u00bfListo para trabajar con nosotros? Si est\u00e1 listo para avanzar hacia un panorama m\u00e1s amplio de \u00e9xito, hablemos.","_links":{"self":[{"href":"https:\/\/innocqualitas.com\/sitio\/index.php\/wp-json\/wp\/v2\/pages\/1347","targetHints":{"allow":["GET"]}}],"collection":[{"href":"https:\/\/innocqualitas.com\/sitio\/index.php\/wp-json\/wp\/v2\/pages"}],"about":[{"href":"https:\/\/innocqualitas.com\/sitio\/index.php\/wp-json\/wp\/v2\/types\/page"}],"author":[{"embeddable":true,"href":"https:\/\/innocqualitas.com\/sitio\/index.php\/wp-json\/wp\/v2\/users\/1"}],"replies":[{"embeddable":true,"href":"https:\/\/innocqualitas.com\/sitio\/index.php\/wp-json\/wp\/v2\/comments?post=1347"}],"version-history":[{"count":12,"href":"https:\/\/innocqualitas.com\/sitio\/index.php\/wp-json\/wp\/v2\/pages\/1347\/revisions"}],"predecessor-version":[{"id":1975,"href":"https:\/\/innocqualitas.com\/sitio\/index.php\/wp-json\/wp\/v2\/pages\/1347\/revisions\/1975"}],"wp:attachment":[{"href":"https:\/\/innocqualitas.com\/sitio\/index.php\/wp-json\/wp\/v2\/media?parent=1347"}],"curies":[{"name":"wp","href":"https:\/\/api.w.org\/{rel}","templated":true}]}}